{"id":976,"date":"2022-01-04T20:18:49","date_gmt":"2022-01-04T19:18:49","guid":{"rendered":"https:\/\/www.johannesborisborowski.de\/?page_id=976"},"modified":"2022-01-04T20:18:49","modified_gmt":"2022-01-04T19:18:49","slug":"serac","status":"publish","type":"page","link":"https:\/\/www.johannesborisborowski.de\/en\/serac\/","title":{"rendered":"Serac"},"content":{"rendered":"\n<p><strong>S\u00e9rac<\/strong> for orchestra (2014\/15)<br>4.4.4.4-8.4.4.1-timp.4perc-14.12.10.8.6<br>(25 min)<br><br><strong>Publisher<\/strong><br><a rel=\"noreferrer noopener\" href=\"http:\/\/www.boosey.com\/Borowski\" target=\"_blank\">Boosey &amp; Hawkes Berlin<\/a><br><br><strong>First performance <br><\/strong>SWR Sinfonieorchester Baden-Baden und Freiburg, Peter E\u00f6tv\u00f6s, Donaueschingen, Germany, October 16th, 2015<br><br><strong>Texts<\/strong><br>Thoughts while composing S\u00e9rac for orchestra (2014\/15)<br>Actions and decisions (not all actions follow a decision) have consequences and results, that are often not directly (causally) derived from the actions themselves.<br><br>Relationship:<br>What relates to one another and is &#8220;conceived&#8221; together, need not necessarily stand alongside one another. The relationship remains existing over longer stretches.<br>=> Long-distance relationship<br><br>Extremely different material becomes comparable by way of the function (or position) that it holds.<br><br>S\u00e9rac:<br>In 2008, eleven mountain climbers died on K2, most of the fatal accidents took place at the so-called bottleneck that is surrounded by &#8220;S\u00e9racs&#8221; (S\u00e9racs are tower-like formations of glacier ice that form at the edges of glaciers and can often collapse without warning.)<br>I have no interest in artistically &#8220;depicting&#8221; this tragedy. Instead, what interests me is how an entire chain of events can be triggered by several (unthinking, na\u00efve) decisions and actions, developing a dynamic all their own so that the subsequent processes no longer can be traced back to the triggering moment.<br><br>Mediacy &lt;=> Immediacy:<br>Something stands immediately next to something else.<br>Immediacy always refers to our understanding, it is usually an &#8220;apparent&#8221; immediacy.<br>Mediation takes place for example on an entirely different level, or erratically: something immediately &#8220;interpolated&#8221; refers perhaps to something long prior and is thus in the position to change a context, a process, etc. by way of its apparent immediacy. The contrast provokes the listener, who almost automatically tries to mediate and usually finds a link (even if remote). Speculating on this, I can build as a composer. I bring something into the composition that lies outside, that emerges with the performance, with reception. Composition does not stand on its own in isolation.<br><br>The S\u00e9rac as a key site on the expedition:<br>One needs to confront the danger that the serac can collapse at any time. The &#8220;non-existent&#8221; thus becomes part of reality. Possibility forces action.<br><br>Discovery:<br>Pedagogical aspect: as a composer I discover (not coincidentally), but create an environment that allows for discovery. But the composer only has partial control and is in turn controlled by his own discoveries.<br><br>S\u00e9rac as a metaphor:<br>Collapsing and burial hide prior linkages and context thought secure, but also open the possibility of casting a gaze on what was was buried, on relationships, contrasts, etc., which makes many things appear in a different, &#8220;new&#8221; light.<br>(explicit &lt;=> implicit)<br><br>Secrets:<br>Partial aspects of a secret have to be aired to maintain interest. If the partial aspects become more important than the secret itself, a dynamic can develop that is simultaneously interesting and dangerous-deceptive:<br>&#8211; Interesting, since in this way a small, unimportant thing (the &#8220;secret&#8221;) suddenly can become the trigger of a chain of unexpected events, that demand attention, activity.<br>&#8211; Dangerous-deceptive, since at issue is deception or self-deception, which can quickly become a justification for something unjust.<br><br>Density of information &lt;=> density of sound<br><br>Discovering worlds:<br>Worlds not separate from another, but worlds that emerge separately.<br><br>Something existent is created anew in discovery or rediscovery. One moves within it, becomes part of it, changes it, changing oneself as well.<br><br>Question: Can something familiar, something with a history, divorced from its familiar context, be developed in a new way as material, as a possibility that we recognize?<br><br>Max Frisch, Tagebuch 1946-1949:<br>&#8220;\u2026the concern of a craftsman disappears behind a sense of moral care, the combination of which probably results in the artistic, and for this reason nobody can approach what they marvel about the old: because he can at best do it, but not complete it.&#8221;<\/p>\n","protected":false},"excerpt":{"rendered":"<p>S\u00e9rac for orchestra (2014\/15)4.4.4.4-8.4.4.1-timp.4perc-14.12.10.8.6(25 min) PublisherBoosey &amp; Hawkes Berlin First performance SWR Sinfonieorchester Baden-Baden und Freiburg, Peter E\u00f6tv\u00f6s, Donaueschingen, Germany, October 16th, 2015 TextsThoughts while composing S\u00e9rac for orchestra (2014\/15)Actions and decisions (not all actions follow a decision) have consequences and results, that are often not directly (causally) derived from the actions themselves. Relationship:What relates [&hellip;]<\/p>\n","protected":false},"author":1,"featured_media":0,"parent":0,"menu_order":0,"comment_status":"closed","ping_status":"closed","template":"","meta":{"site-sidebar-layout":"default","site-content-layout":"","ast-site-content-layout":"default","site-content-style":"default","site-sidebar-style":"default","ast-global-header-display":"","ast-banner-title-visibility":"","ast-main-header-display":"","ast-hfb-above-header-display":"","ast-hfb-below-header-display":"","ast-hfb-mobile-header-display":"","site-post-title":"disabled","ast-breadcrumbs-content":"","ast-featured-img":"","footer-sml-layout":"","theme-transparent-header-meta":"","adv-header-id-meta":"","stick-header-meta":"","header-above-stick-meta":"","header-main-stick-meta":"","header-below-stick-meta":"","astra-migrate-meta-layouts":"default","ast-page-background-enabled":"default","ast-page-background-meta":{"desktop":{"background-color":"","background-image":"","background-repeat":"repeat","background-position":"center center","background-size":"auto","background-attachment":"scroll","background-type":"","background-media":"","overlay-type":"","overlay-color":"","overlay-opacity":"","overlay-gradient":""},"tablet":{"background-color":"","background-image":"","background-repeat":"repeat","background-position":"center center","background-size":"auto","background-attachment":"scroll","background-type":"","background-media":"","overlay-type":"","overlay-color":"","overlay-opacity":"","overlay-gradient":""},"mobile":{"background-color":"","background-image":"","background-repeat":"repeat","background-position":"center center","background-size":"auto","background-attachment":"scroll","background-type":"","background-media":"","overlay-type":"","overlay-color":"","overlay-opacity":"","overlay-gradient":""}},"ast-content-background-meta":{"desktop":{"background-color":"var(--ast-global-color-5)","background-image":"","background-repeat":"repeat","background-position":"center center","background-size":"auto","background-attachment":"scroll","background-type":"","background-media":"","overlay-type":"","overlay-color":"","overlay-opacity":"","overlay-gradient":""},"tablet":{"background-color":"var(--ast-global-color-5)","background-image":"","background-repeat":"repeat","background-position":"center center","background-size":"auto","background-attachment":"scroll","background-type":"","background-media":"","overlay-type":"","overlay-color":"","overlay-opacity":"","overlay-gradient":""},"mobile":{"background-color":"var(--ast-global-color-5)","background-image":"","background-repeat":"repeat","background-position":"center center","background-size":"auto","background-attachment":"scroll","background-type":"","background-media":"","overlay-type":"","overlay-color":"","overlay-opacity":"","overlay-gradient":""}}},"_links":{"self":[{"href":"https:\/\/www.johannesborisborowski.de\/en\/wp-json\/wp\/v2\/pages\/976"}],"collection":[{"href":"https:\/\/www.johannesborisborowski.de\/en\/wp-json\/wp\/v2\/pages"}],"about":[{"href":"https:\/\/www.johannesborisborowski.de\/en\/wp-json\/wp\/v2\/types\/page"}],"author":[{"embeddable":true,"href":"https:\/\/www.johannesborisborowski.de\/en\/wp-json\/wp\/v2\/users\/1"}],"replies":[{"embeddable":true,"href":"https:\/\/www.johannesborisborowski.de\/en\/wp-json\/wp\/v2\/comments?post=976"}],"version-history":[{"count":1,"href":"https:\/\/www.johannesborisborowski.de\/en\/wp-json\/wp\/v2\/pages\/976\/revisions"}],"predecessor-version":[{"id":977,"href":"https:\/\/www.johannesborisborowski.de\/en\/wp-json\/wp\/v2\/pages\/976\/revisions\/977"}],"wp:attachment":[{"href":"https:\/\/www.johannesborisborowski.de\/en\/wp-json\/wp\/v2\/media?parent=976"}],"curies":[{"name":"wp","href":"https:\/\/api.w.org\/{rel}","templated":true}]}}