{"id":972,"date":"2022-01-04T20:12:16","date_gmt":"2022-01-04T19:12:16","guid":{"rendered":"https:\/\/www.johannesborisborowski.de\/?page_id=972"},"modified":"2022-01-04T20:13:12","modified_gmt":"2022-01-04T19:13:12","slug":"stretta","status":"publish","type":"page","link":"https:\/\/www.johannesborisborowski.de\/en\/stretta\/","title":{"rendered":"Stretta"},"content":{"rendered":"\n<p><strong>Stretta<\/strong> for piano and orchestra (2016)<br>2.2.2.3-4.2.2.1-timp.perc(3)-hp-pno.solo-10.8.6.6.3(6)<br>(23 min)<br><br><strong>Publisher<\/strong><br><a rel=\"noreferrer noopener\" href=\"http:\/\/www.boosey.com\/Borowski\" target=\"_blank\">Boosey &amp; Hawkes Berlin<\/a><br><br><strong>First performance <br><\/strong>Daniel Barenboim, Staatskapelle Berlin, Zubin Mehta, Berlin, Germany, November 15th, 2017<br><br><strong>Texts<\/strong><br>program note, only in German<br>Programmhefttext (2016)<br>Das Orchester gibt dem Klavier verschiedene R\u00e4ume. T\u00fcren werden ge\u00f6ffnet, Umgebungen erkundet. Im Erkunden entsteht eine Geschichte mit vielen Str\u00e4ngen. Verwirrend verkn\u00fcpft.<br><br>Der (Er)\u00d6ffnungs\u2212Gestus ist Grundlage\/Ausgangspunkt f\u00fcr den ersten Verdichtungsprozess. Dem Klang des Klaviers werden die Obert\u00f6ne &#8220;genommen&#8221;, in einer sichtbaren Handlung des Pianisten. Das Orchester gibt neue Obert\u00f6ne. Nehmen und Geben erinnern an Rekombination, Mutation.<br>Nach der initialen &#8220;Klangberaubung&#8221; versucht das Klavier, sich einen eigenen Klang(raum) im Orchester zu bauen. Tastend probiert es einige Umgebungen aus, erg\u00e4nzt oder ver\u00e4ndert, sehr z\u00e4rtlich. Dabei nimmt es fast unmerklich an einem strukturellen Prozess teil.<br>Strettahafte Verdichtung.<br><br>Aus dichten Strukturmomenten entwickeln sich Klangmomente.<br><br>Stimmungswechsel.<br><br>&#8220;Aus den Wolken tritt ein breiter gr\u00fcner Strahl und zieht sich bis zur Mitte des Himmels hin; wenig sp\u00e4ter taucht daneben ein violetter Strahl auf, neben diesem ein goldener, dann ein rosafarbener\u2026&#8221;<br>Anton Tschechow, Gussew<br><br>Klang ist immer strukturiert (z.B. durch sein Spektrum) und: Struktur ist musikalisch nur durch Klang darstellbar. Was so oft als Antithese gedacht wird, bedingt sich (in der Musik) gegenseitig.<br><br>Die Vorstellung entfernt sich meistens weit von der Realit\u00e4t.<br><br>&#8220;Bei Musik geht es nicht darum, auf Nummer sicher zu gehen. Bei Musik geht es um Mut, und Mut bedeutet Risiko&#8221;<br>Daniel Barenboim, Die Musik \u2212 mein Leben<br><br>Das Monumentale wird als verfr\u00fchter H\u00f6hepunkt vorweggenommen, somit wird Platz geschaffen f\u00fcr das Spielerische.<br><br>Scheinbar unterschiedliche Episoden erz\u00e4hlen unterschiedliche Geschichten. Irgendwann tritt die konstruktive Vernetzung der Episoden in den Vordergrund und stellt Distanz zu diesen her. Somit wird pl\u00f6tzlich Form erfahrbar, von dem reinen Erleben der Details herausgel\u00f6st.<br><br>Verschiedene Seiten einer Pers\u00f6nlichkeit, verschiedene Identit\u00e4ten werden nicht als &#8220;postmodernes Spiel&#8221; gezeigt, wo nach Au\u00dfen verwiesen wird, hin zu unterschiedlichen musikalischen Epochen\/Stilen, sondern immer aus der Person heraus und in sie zur\u00fcckverweisend. Die Au\u00dfeneinfl\u00fcsse und Referenzen (welche bei Kunst immer existieren) sind dabei nicht intellektuelles, elit\u00e4res Spiel f\u00fcr Eingeweihte. Eher erinnern sie an individuell gefilterte Eigenheiten, die wie unbekannte Aspekte einer Sprache pl\u00f6tzlich als neue Elemente aufblitzen.<br><br>&#8220;Der absurde Mensch f\u00e4ngt da an \u2026 , wo der Geist das Spiel nicht mehr bewundert, sondern mitspielen will. Eindringen in all diese Leben, sie in ihrer Verschiedenartigkeit erforschen \u2212 das eigentlich hei\u00dft: sie spielen.&#8221;<br>Albert Camus, Der absurde Mensch<\/p>\n","protected":false},"excerpt":{"rendered":"<p>Stretta for piano and orchestra (2016)2.2.2.3-4.2.2.1-timp.perc(3)-hp-pno.solo-10.8.6.6.3(6)(23 min) PublisherBoosey &amp; Hawkes Berlin First performance Daniel Barenboim, Staatskapelle Berlin, Zubin Mehta, Berlin, Germany, November 15th, 2017 Textsprogram note, only in GermanProgrammhefttext (2016)Das Orchester gibt dem Klavier verschiedene R\u00e4ume. T\u00fcren werden ge\u00f6ffnet, Umgebungen erkundet. Im Erkunden entsteht eine Geschichte mit vielen Str\u00e4ngen. Verwirrend verkn\u00fcpft. Der (Er)\u00d6ffnungs\u2212Gestus ist Grundlage\/Ausgangspunkt [&hellip;]<\/p>\n","protected":false},"author":1,"featured_media":0,"parent":0,"menu_order":0,"comment_status":"closed","ping_status":"closed","template":"","meta":{"site-sidebar-layout":"default","site-content-layout":"","ast-site-content-layout":"default","site-content-style":"default","site-sidebar-style":"default","ast-global-header-display":"","ast-banner-title-visibility":"","ast-main-header-display":"","ast-hfb-above-header-display":"","ast-hfb-below-header-display":"","ast-hfb-mobile-header-display":"","site-post-title":"disabled","ast-breadcrumbs-content":"","ast-featured-img":"","footer-sml-layout":"","theme-transparent-header-meta":"","adv-header-id-meta":"","stick-header-meta":"","header-above-stick-meta":"","header-main-stick-meta":"","header-below-stick-meta":"","astra-migrate-meta-layouts":"default","ast-page-background-enabled":"default","ast-page-background-meta":{"desktop":{"background-color":"","background-image":"","background-repeat":"repeat","background-position":"center center","background-size":"auto","background-attachment":"scroll","background-type":"","background-media":"","overlay-type":"","overlay-color":"","overlay-opacity":"","overlay-gradient":""},"tablet":{"background-color":"","background-image":"","background-repeat":"repeat","background-position":"center center","background-size":"auto","background-attachment":"scroll","background-type":"","background-media":"","overlay-type":"","overlay-color":"","overlay-opacity":"","overlay-gradient":""},"mobile":{"background-color":"","background-image":"","background-repeat":"repeat","background-position":"center center","background-size":"auto","background-attachment":"scroll","background-type":"","background-media":"","overlay-type":"","overlay-color":"","overlay-opacity":"","overlay-gradient":""}},"ast-content-background-meta":{"desktop":{"background-color":"var(--ast-global-color-5)","background-image":"","background-repeat":"repeat","background-position":"center center","background-size":"auto","background-attachment":"scroll","background-type":"","background-media":"","overlay-type":"","overlay-color":"","overlay-opacity":"","overlay-gradient":""},"tablet":{"background-color":"var(--ast-global-color-5)","background-image":"","background-repeat":"repeat","background-position":"center center","background-size":"auto","background-attachment":"scroll","background-type":"","background-media":"","overlay-type":"","overlay-color":"","overlay-opacity":"","overlay-gradient":""},"mobile":{"background-color":"var(--ast-global-color-5)","background-image":"","background-repeat":"repeat","background-position":"center center","background-size":"auto","background-attachment":"scroll","background-type":"","background-media":"","overlay-type":"","overlay-color":"","overlay-opacity":"","overlay-gradient":""}}},"_links":{"self":[{"href":"https:\/\/www.johannesborisborowski.de\/en\/wp-json\/wp\/v2\/pages\/972"}],"collection":[{"href":"https:\/\/www.johannesborisborowski.de\/en\/wp-json\/wp\/v2\/pages"}],"about":[{"href":"https:\/\/www.johannesborisborowski.de\/en\/wp-json\/wp\/v2\/types\/page"}],"author":[{"embeddable":true,"href":"https:\/\/www.johannesborisborowski.de\/en\/wp-json\/wp\/v2\/users\/1"}],"replies":[{"embeddable":true,"href":"https:\/\/www.johannesborisborowski.de\/en\/wp-json\/wp\/v2\/comments?post=972"}],"version-history":[{"count":2,"href":"https:\/\/www.johannesborisborowski.de\/en\/wp-json\/wp\/v2\/pages\/972\/revisions"}],"predecessor-version":[{"id":975,"href":"https:\/\/www.johannesborisborowski.de\/en\/wp-json\/wp\/v2\/pages\/972\/revisions\/975"}],"wp:attachment":[{"href":"https:\/\/www.johannesborisborowski.de\/en\/wp-json\/wp\/v2\/media?parent=972"}],"curies":[{"name":"wp","href":"https:\/\/api.w.org\/{rel}","templated":true}]}}