{"id":967,"date":"2022-01-04T20:06:47","date_gmt":"2022-01-04T19:06:47","guid":{"rendered":"https:\/\/www.johannesborisborowski.de\/?page_id=967"},"modified":"2022-01-04T20:06:48","modified_gmt":"2022-01-04T19:06:48","slug":"eternity","status":"publish","type":"page","link":"https:\/\/www.johannesborisborowski.de\/en\/eternity\/","title":{"rendered":"Eternity"},"content":{"rendered":"\n<p><strong>Eternity<\/strong> for orchestra (2018\/19)<br>2.2.2.2-2.2.1.1-2perc-2harp-8.6.4.4.2<br>(15 min.)<br><br><strong>Publisher<\/strong><br><a rel=\"noreferrer noopener\" href=\"http:\/\/www.boosey.com\/Borowski\" target=\"_blank\">Boosey &amp; Hawkes Berlin<\/a><br><br><strong>First performance<\/strong><br>WDR Sinfonieorchester K\u00f6ln, Elena Schwarz, K\u00f6ln, Germany, October 5th, 2019<br><br><strong>Texts<\/strong><br>program note, only in German<br>Gedanken zu Eternity, Juli 2019<br>Verbindung des Esoterischen (Eternity) mit dem Spielerischen (Mozart).<br>Der Wunsch nach einem Neuanfang: worauf bezieht sich der Neuanfang?<br>L\u00e4sst sich etwas Geschehenes ver\u00e4ndern, allein durch die Art, wie ich es betrachte, wie ich dar\u00fcber berichte?<br>Das Unterbewusstsein l\u00e4sst sich nicht neu starten.<br>Ich stelle mir vor: Musik, die einerseits konsequent in ihrer Struktur ist (fast schon: langweilig konsequent). Musik, die andererseits in ihrer Konsequenz \u00fcberrascht.<br>Ich stelle mir vor: ein St\u00fcck verungl\u00fccken zu lassen. Und in diesem Ungl\u00fcck zu verweilen, zu enden.<br>Entweder: das St\u00fcck verungl\u00fcckt \u2212 Oder: das St\u00fcck findet sich selbst (seine Bestimmung).<br>Zu &#8220;Entweder&#8221;: Nach einer vielf\u00e4ltigen Konsolidierungsphase st\u00fcrzt das St\u00fcck unerwartet in sich zusammen und verharrt in Resignation.<br>Zu &#8220;Oder&#8221;: Nach anf\u00e4nglichem Umherirren und spielerisch-unbek\u00fcmmertem Ausprobieren und Umherschweifen findet das St\u00fcck pl\u00f6tzlich (unerwartet) zu sich selbst und folgt dieser Bestimmung konsequent.<br>Ich stelle mir vor: das St\u00fcck bewegt sich entlang eines mysteri\u00f6sen Lichtstrahls durch die dunkle, schwarze, mondlose Nacht.<br>Das St\u00fcck ist nicht das, worauf ich gewartet, woraufhin ich meine Arbeit ausgerichtet habe. Einen Teil muss ich loslassen (sterben lassen), damit mir das St\u00fcck gegen\u00fcberstehen kann.<br>Dann gibt es: Ich und das St\u00fcck. Und etwas drittes: die Reaktion. Das ist: Die Erfindung. Oder auch Provokation. Vielleicht Vorstellung. Das St\u00fcck ist das Andere, welches ich in mir zulasse.<br>Eternity ist ein spielerisches St\u00fcck. Ein leichtes St\u00fcck. Ein harmloses St\u00fcck. Es ist Musik, frei von den Urteilen meiner Zeit.<br><br>&#8220;A creative writer must study carefully the works of his rivals, including the Almighty. He must possess the inborn capacity not only of recombining but of re-creating the given world. In order to do this adequately, avoiding duplication of labor, the artist should know the given world. Imagination without knowledge leads no farther than the back yard of primitive art, the child\u00b4s scrawl on the fence, and the crank\u00b4s message in the market place. Art is never simple.&#8221;<br>Vladimir Nabokov, Interview mit Alvin Toffler, Playboy, Januar 1964<\/p>\n","protected":false},"excerpt":{"rendered":"<p>Eternity for orchestra (2018\/19)2.2.2.2-2.2.1.1-2perc-2harp-8.6.4.4.2(15 min.) PublisherBoosey &amp; Hawkes Berlin First performanceWDR Sinfonieorchester K\u00f6ln, Elena Schwarz, K\u00f6ln, Germany, October 5th, 2019 Textsprogram note, only in GermanGedanken zu Eternity, Juli 2019Verbindung des Esoterischen (Eternity) mit dem Spielerischen (Mozart).Der Wunsch nach einem Neuanfang: worauf bezieht sich der Neuanfang?L\u00e4sst sich etwas Geschehenes ver\u00e4ndern, allein durch die Art, wie ich [&hellip;]<\/p>\n","protected":false},"author":1,"featured_media":0,"parent":0,"menu_order":0,"comment_status":"closed","ping_status":"closed","template":"","meta":{"site-sidebar-layout":"default","site-content-layout":"","ast-site-content-layout":"default","site-content-style":"default","site-sidebar-style":"default","ast-global-header-display":"","ast-banner-title-visibility":"","ast-main-header-display":"","ast-hfb-above-header-display":"","ast-hfb-below-header-display":"","ast-hfb-mobile-header-display":"","site-post-title":"disabled","ast-breadcrumbs-content":"","ast-featured-img":"","footer-sml-layout":"","theme-transparent-header-meta":"","adv-header-id-meta":"","stick-header-meta":"","header-above-stick-meta":"","header-main-stick-meta":"","header-below-stick-meta":"","astra-migrate-meta-layouts":"default","ast-page-background-enabled":"default","ast-page-background-meta":{"desktop":{"background-color":"","background-image":"","background-repeat":"repeat","background-position":"center center","background-size":"auto","background-attachment":"scroll","background-type":"","background-media":"","overlay-type":"","overlay-color":"","overlay-opacity":"","overlay-gradient":""},"tablet":{"background-color":"","background-image":"","background-repeat":"repeat","background-position":"center center","background-size":"auto","background-attachment":"scroll","background-type":"","background-media":"","overlay-type":"","overlay-color":"","overlay-opacity":"","overlay-gradient":""},"mobile":{"background-color":"","background-image":"","background-repeat":"repeat","background-position":"center center","background-size":"auto","background-attachment":"scroll","background-type":"","background-media":"","overlay-type":"","overlay-color":"","overlay-opacity":"","overlay-gradient":""}},"ast-content-background-meta":{"desktop":{"background-color":"var(--ast-global-color-5)","background-image":"","background-repeat":"repeat","background-position":"center center","background-size":"auto","background-attachment":"scroll","background-type":"","background-media":"","overlay-type":"","overlay-color":"","overlay-opacity":"","overlay-gradient":""},"tablet":{"background-color":"var(--ast-global-color-5)","background-image":"","background-repeat":"repeat","background-position":"center center","background-size":"auto","background-attachment":"scroll","background-type":"","background-media":"","overlay-type":"","overlay-color":"","overlay-opacity":"","overlay-gradient":""},"mobile":{"background-color":"var(--ast-global-color-5)","background-image":"","background-repeat":"repeat","background-position":"center center","background-size":"auto","background-attachment":"scroll","background-type":"","background-media":"","overlay-type":"","overlay-color":"","overlay-opacity":"","overlay-gradient":""}}},"_links":{"self":[{"href":"https:\/\/www.johannesborisborowski.de\/en\/wp-json\/wp\/v2\/pages\/967"}],"collection":[{"href":"https:\/\/www.johannesborisborowski.de\/en\/wp-json\/wp\/v2\/pages"}],"about":[{"href":"https:\/\/www.johannesborisborowski.de\/en\/wp-json\/wp\/v2\/types\/page"}],"author":[{"embeddable":true,"href":"https:\/\/www.johannesborisborowski.de\/en\/wp-json\/wp\/v2\/users\/1"}],"replies":[{"embeddable":true,"href":"https:\/\/www.johannesborisborowski.de\/en\/wp-json\/wp\/v2\/comments?post=967"}],"version-history":[{"count":1,"href":"https:\/\/www.johannesborisborowski.de\/en\/wp-json\/wp\/v2\/pages\/967\/revisions"}],"predecessor-version":[{"id":968,"href":"https:\/\/www.johannesborisborowski.de\/en\/wp-json\/wp\/v2\/pages\/967\/revisions\/968"}],"wp:attachment":[{"href":"https:\/\/www.johannesborisborowski.de\/en\/wp-json\/wp\/v2\/media?parent=967"}],"curies":[{"name":"wp","href":"https:\/\/api.w.org\/{rel}","templated":true}]}}