{"id":1063,"date":"2022-01-04T22:57:30","date_gmt":"2022-01-04T21:57:30","guid":{"rendered":"https:\/\/www.johannesborisborowski.de\/?page_id=1063"},"modified":"2022-01-04T22:57:31","modified_gmt":"2022-01-04T21:57:31","slug":"nobody","status":"publish","type":"page","link":"https:\/\/www.johannesborisborowski.de\/en\/nobody\/","title":{"rendered":"Nobody"},"content":{"rendered":"\n<p><strong>Nobody<\/strong> for soprano, clarinet and piano (2017)<br>after texts by Emily Dickinson<br>s.cl.pno<br>(16 min)<br><br><strong>Publisher<\/strong><br><a rel=\"noreferrer noopener\" href=\"http:\/\/www.boosey.com\/Borowski\" target=\"_blank\">Boosey &amp; Hawkes Berlin<\/a><br><br><strong>First performance<br><\/strong>Lisa Florentine Schmalz, Bogl\u00e1rka Pecze, Mariana Popova, Heidelberg, Germany, April 13th, 2022<br><br><strong>Texts<\/strong><br>Composer&#8217;s Note (2017), only in German<br>Gedanken zu &#8220;Nobody&#8221;, Dezember 2017<br><br>Nobody erscheint in einer spielerischen, vertr\u00e4umten Leichtigkeit. Die umgebende Atmosph\u00e4re ist z\u00e4rtlich-optimistisch. Ein tragisch-existentieller Unterton wird jedoch sp\u00fcrbar, in welchem immer wieder die Ahnung des Absurden und Entsetzlichen des Lebens aufblitzt.<br>Nobody schwankt zwischen zwei Polen: einerseits der direkten, kindlichen Freude beim Entdecken und Gestalten, andererseits der distanzierten, melancholischen Stimmung beim Betrachten dieser Freude. Die Gegenwart scheint seltsam entr\u00fcckt. Das Spielerisch-Kindliche bekommt durch die Insistenz innerhalb einer konstruktiven, dem Spiel fremden Formbildung einen Hang zum Tragischen.<br>Textgrundlage sind Gedichte von Emily Dickinson, sowie stellenweise kurze Einblendungen anderer Sprachebenen in den poetischen Text, insbesondere Fragmente und Phrasen aus populistischer Rhetorik, sowie Vulg\u00e4r- und Gewaltsprache.<br><br>Gefahr der Sprache f\u00fcr die geistige Freiheit. \u2013 Jedes Wort ist ein Vorurtheil.<br>(Friedrich Nietzsche, Menschliches, Allzumenschliches II, 2. Der Wanderer und sein Schatten, 55)<br><br>Kunst bringt auch vieles H\u00e4ssliche, Harte, Fragw\u00fcrdigkeit des Lebens zur Erscheinung \u2212 scheint sie nicht damit vom Leben zu entleiden? \u2026 Die Tapferkeit und Freiheit des Gef\u00fchls vor einem m\u00e4chtigen Feinde, vor einem erhabenen Ungemach, vor einem Problem, das Grauen erweckt \u2013 dieser siegreiche Zustand ist es, den der tragische K\u00fcnstler ausw\u00e4hlt, den er verherrlicht.<br>(Friedrich Nietzsche, G\u00f6tzen D\u00e4mmerung, Streifz\u00fcge eines Unzeitgem\u00e4ssen, 24)<br><br>Emily Dickinson, Poems<br><br>I stole them from a Bee \u2212<br>Because \u2212 Thee \u2212<br>Sweet plea \u2212<br>He pardoned me!<br><br>\u2217\u2217\u2217<br><br>A word is dead<br>When it is said,<br>Some say.<br><br>I say it just<br>Begins to live<br>That day.<br><br>\u2217\u2217\u2217<br><br>Good morning \u2212 Midnight \u2013<br>I&#8217;m coming Home \u2013<br>Day \u2212 got tired of Me \u2013<br>How could I \u2013 of Him?<br><br>Sunshine was a sweet place \u2212<br>I liked to stay \u2013<br>But Morn \u2013 didn&#8217;t want me \u2013 now \u2013<br>So \u2212 Goodnight \u2013 Day!<br><br>I can look \u2013 can&#8217;t I \u2013<br>When the East is Red?<br>The Hills \u2013 have a way \u2013 then \u2013<br>That puts the Heart \u2013 abroad \u2013<br><br>You \u2013 are not so fair \u2013 Midnight \u2013<br>I chose \u2013 Day \u2013<br>But \u2013 please take a little Girl \u2013<br>He turned away!<br><br>\u2217\u2217\u2217<br><br>I&#8217;m Nobody! Who are you?<br>Are you \u2013 Nobody \u2013 Too?<br>Then there&#8217;s a pair of us \u2013 don&#8217;t tell<br>They&#8217;d banish us \u2013 you know!<br><br>How dreary \u2013 to be \u2013 Somebody!<br>How public \u2013 like a frog \u2013<br>To tell your name \u2013 the livelong Day \u2013<br>To an admiring Bog!<\/p>\n\n\n\n<p><br><\/p>\n","protected":false},"excerpt":{"rendered":"<p>Nobody for soprano, clarinet and piano (2017)after texts by Emily Dickinsons.cl.pno(16 min) PublisherBoosey &amp; Hawkes Berlin First performanceLisa Florentine Schmalz, Bogl\u00e1rka Pecze, Mariana Popova, Heidelberg, Germany, April 13th, 2022 TextsComposer&#8217;s Note (2017), only in GermanGedanken zu &#8220;Nobody&#8221;, Dezember 2017 Nobody erscheint in einer spielerischen, vertr\u00e4umten Leichtigkeit. Die umgebende Atmosph\u00e4re ist z\u00e4rtlich-optimistisch. Ein tragisch-existentieller Unterton wird [&hellip;]<\/p>\n","protected":false},"author":1,"featured_media":0,"parent":0,"menu_order":0,"comment_status":"closed","ping_status":"closed","template":"","meta":{"site-sidebar-layout":"default","site-content-layout":"","ast-site-content-layout":"default","site-content-style":"default","site-sidebar-style":"default","ast-global-header-display":"","ast-banner-title-visibility":"","ast-main-header-display":"","ast-hfb-above-header-display":"","ast-hfb-below-header-display":"","ast-hfb-mobile-header-display":"","site-post-title":"disabled","ast-breadcrumbs-content":"","ast-featured-img":"","footer-sml-layout":"","theme-transparent-header-meta":"","adv-header-id-meta":"","stick-header-meta":"","header-above-stick-meta":"","header-main-stick-meta":"","header-below-stick-meta":"","astra-migrate-meta-layouts":"default","ast-page-background-enabled":"default","ast-page-background-meta":{"desktop":{"background-color":"","background-image":"","background-repeat":"repeat","background-position":"center center","background-size":"auto","background-attachment":"scroll","background-type":"","background-media":"","overlay-type":"","overlay-color":"","overlay-opacity":"","overlay-gradient":""},"tablet":{"background-color":"","background-image":"","background-repeat":"repeat","background-position":"center center","background-size":"auto","background-attachment":"scroll","background-type":"","background-media":"","overlay-type":"","overlay-color":"","overlay-opacity":"","overlay-gradient":""},"mobile":{"background-color":"","background-image":"","background-repeat":"repeat","background-position":"center center","background-size":"auto","background-attachment":"scroll","background-type":"","background-media":"","overlay-type":"","overlay-color":"","overlay-opacity":"","overlay-gradient":""}},"ast-content-background-meta":{"desktop":{"background-color":"var(--ast-global-color-5)","background-image":"","background-repeat":"repeat","background-position":"center center","background-size":"auto","background-attachment":"scroll","background-type":"","background-media":"","overlay-type":"","overlay-color":"","overlay-opacity":"","overlay-gradient":""},"tablet":{"background-color":"var(--ast-global-color-5)","background-image":"","background-repeat":"repeat","background-position":"center center","background-size":"auto","background-attachment":"scroll","background-type":"","background-media":"","overlay-type":"","overlay-color":"","overlay-opacity":"","overlay-gradient":""},"mobile":{"background-color":"var(--ast-global-color-5)","background-image":"","background-repeat":"repeat","background-position":"center center","background-size":"auto","background-attachment":"scroll","background-type":"","background-media":"","overlay-type":"","overlay-color":"","overlay-opacity":"","overlay-gradient":""}}},"_links":{"self":[{"href":"https:\/\/www.johannesborisborowski.de\/en\/wp-json\/wp\/v2\/pages\/1063"}],"collection":[{"href":"https:\/\/www.johannesborisborowski.de\/en\/wp-json\/wp\/v2\/pages"}],"about":[{"href":"https:\/\/www.johannesborisborowski.de\/en\/wp-json\/wp\/v2\/types\/page"}],"author":[{"embeddable":true,"href":"https:\/\/www.johannesborisborowski.de\/en\/wp-json\/wp\/v2\/users\/1"}],"replies":[{"embeddable":true,"href":"https:\/\/www.johannesborisborowski.de\/en\/wp-json\/wp\/v2\/comments?post=1063"}],"version-history":[{"count":1,"href":"https:\/\/www.johannesborisborowski.de\/en\/wp-json\/wp\/v2\/pages\/1063\/revisions"}],"predecessor-version":[{"id":1064,"href":"https:\/\/www.johannesborisborowski.de\/en\/wp-json\/wp\/v2\/pages\/1063\/revisions\/1064"}],"wp:attachment":[{"href":"https:\/\/www.johannesborisborowski.de\/en\/wp-json\/wp\/v2\/media?parent=1063"}],"curies":[{"name":"wp","href":"https:\/\/api.w.org\/{rel}","templated":true}]}}