{"id":1057,"date":"2022-01-04T22:49:48","date_gmt":"2022-01-04T21:49:48","guid":{"rendered":"https:\/\/www.johannesborisborowski.de\/?page_id=1057"},"modified":"2022-01-04T22:49:48","modified_gmt":"2022-01-04T21:49:48","slug":"lied","status":"publish","type":"page","link":"https:\/\/www.johannesborisborowski.de\/en\/lied\/","title":{"rendered":"Lied"},"content":{"rendered":"\n<p><strong>Lied<\/strong> for accordeon (2020)<br>(8 min)<br><br><strong>Publisher<\/strong><br><a rel=\"noreferrer noopener\" href=\"http:\/\/www.boosey.com\/Borowski\" target=\"_blank\">Boosey &amp; Hawkes Berlin<\/a><br><br><strong>First performance <br><\/strong>Teodoro Anzellotti, Witten, Germany, April 26th, 2020<br><br><strong>Texts<\/strong><br><em>Composer&#8217;s Note (2020)<\/em>, only in German<br>Gedanken zu &#8220;Lied&#8221;, Februar 2020<br>Lied: Ich assoziiere eine ruhige Schneelandschaft. Alles erscheint liedhaft, einfach. Unter der Schneedecke: Strophe f\u00fcr Strophe: Sehnsucht. Die Konturen sind \u00fcberdeckt-ver\u00e4ndert, r\u00fccken in die Ferne. Es k\u00f6nnte so sein, denke ich. &#8220;Ja, so ist es.&#8221; Und f\u00fcr einen kurzen Augenblick: Das ist meine Welt. Aber: Unter den Konturen ist es lebendig. Und dieses Leben dringt in meinen Kopf und l\u00e4sst mich erschrocken innehalten. Ich schlie\u00dfe die Augen, ich sehe die Weite des Himmels \u00fcber der Schneefl\u00e4che, h\u00f6re das Knacken der Eisfl\u00e4che \u00fcber dem Fluss. Ich sp\u00fcre die Kraft und die Gewalt. Zwingend, unbedingt und geradlinig.<\/p>\n\n\n\n<p><br><\/p>\n","protected":false},"excerpt":{"rendered":"<p>Lied for accordeon (2020)(8 min) PublisherBoosey &amp; Hawkes Berlin First performance Teodoro Anzellotti, Witten, Germany, April 26th, 2020 TextsComposer&#8217;s Note (2020), only in GermanGedanken zu &#8220;Lied&#8221;, Februar 2020Lied: Ich assoziiere eine ruhige Schneelandschaft. Alles erscheint liedhaft, einfach. Unter der Schneedecke: Strophe f\u00fcr Strophe: Sehnsucht. Die Konturen sind \u00fcberdeckt-ver\u00e4ndert, r\u00fccken in die Ferne. Es k\u00f6nnte so [&hellip;]<\/p>\n","protected":false},"author":1,"featured_media":0,"parent":0,"menu_order":0,"comment_status":"closed","ping_status":"closed","template":"","meta":{"site-sidebar-layout":"default","site-content-layout":"","ast-site-content-layout":"default","site-content-style":"default","site-sidebar-style":"default","ast-global-header-display":"","ast-banner-title-visibility":"","ast-main-header-display":"","ast-hfb-above-header-display":"","ast-hfb-below-header-display":"","ast-hfb-mobile-header-display":"","site-post-title":"disabled","ast-breadcrumbs-content":"","ast-featured-img":"","footer-sml-layout":"","theme-transparent-header-meta":"","adv-header-id-meta":"","stick-header-meta":"","header-above-stick-meta":"","header-main-stick-meta":"","header-below-stick-meta":"","astra-migrate-meta-layouts":"default","ast-page-background-enabled":"default","ast-page-background-meta":{"desktop":{"background-color":"","background-image":"","background-repeat":"repeat","background-position":"center center","background-size":"auto","background-attachment":"scroll","background-type":"","background-media":"","overlay-type":"","overlay-color":"","overlay-opacity":"","overlay-gradient":""},"tablet":{"background-color":"","background-image":"","background-repeat":"repeat","background-position":"center center","background-size":"auto","background-attachment":"scroll","background-type":"","background-media":"","overlay-type":"","overlay-color":"","overlay-opacity":"","overlay-gradient":""},"mobile":{"background-color":"","background-image":"","background-repeat":"repeat","background-position":"center center","background-size":"auto","background-attachment":"scroll","background-type":"","background-media":"","overlay-type":"","overlay-color":"","overlay-opacity":"","overlay-gradient":""}},"ast-content-background-meta":{"desktop":{"background-color":"var(--ast-global-color-5)","background-image":"","background-repeat":"repeat","background-position":"center center","background-size":"auto","background-attachment":"scroll","background-type":"","background-media":"","overlay-type":"","overlay-color":"","overlay-opacity":"","overlay-gradient":""},"tablet":{"background-color":"var(--ast-global-color-5)","background-image":"","background-repeat":"repeat","background-position":"center center","background-size":"auto","background-attachment":"scroll","background-type":"","background-media":"","overlay-type":"","overlay-color":"","overlay-opacity":"","overlay-gradient":""},"mobile":{"background-color":"var(--ast-global-color-5)","background-image":"","background-repeat":"repeat","background-position":"center center","background-size":"auto","background-attachment":"scroll","background-type":"","background-media":"","overlay-type":"","overlay-color":"","overlay-opacity":"","overlay-gradient":""}}},"_links":{"self":[{"href":"https:\/\/www.johannesborisborowski.de\/en\/wp-json\/wp\/v2\/pages\/1057"}],"collection":[{"href":"https:\/\/www.johannesborisborowski.de\/en\/wp-json\/wp\/v2\/pages"}],"about":[{"href":"https:\/\/www.johannesborisborowski.de\/en\/wp-json\/wp\/v2\/types\/page"}],"author":[{"embeddable":true,"href":"https:\/\/www.johannesborisborowski.de\/en\/wp-json\/wp\/v2\/users\/1"}],"replies":[{"embeddable":true,"href":"https:\/\/www.johannesborisborowski.de\/en\/wp-json\/wp\/v2\/comments?post=1057"}],"version-history":[{"count":1,"href":"https:\/\/www.johannesborisborowski.de\/en\/wp-json\/wp\/v2\/pages\/1057\/revisions"}],"predecessor-version":[{"id":1058,"href":"https:\/\/www.johannesborisborowski.de\/en\/wp-json\/wp\/v2\/pages\/1057\/revisions\/1058"}],"wp:attachment":[{"href":"https:\/\/www.johannesborisborowski.de\/en\/wp-json\/wp\/v2\/media?parent=1057"}],"curies":[{"name":"wp","href":"https:\/\/api.w.org\/{rel}","templated":true}]}}