{"id":1032,"date":"2022-01-04T22:28:35","date_gmt":"2022-01-04T21:28:35","guid":{"rendered":"https:\/\/www.johannesborisborowski.de\/?page_id=1032"},"modified":"2022-01-04T22:28:35","modified_gmt":"2022-01-04T21:28:35","slug":"streichquartett2","status":"publish","type":"page","link":"https:\/\/www.johannesborisborowski.de\/en\/streichquartett2\/","title":{"rendered":"Streichquartett2"},"content":{"rendered":"\n<p><strong>String Quartet No. 2<\/strong> (2017)<br>vln1.vln2.vla.vc<br>(11 min)<br><br><strong>Publisher<\/strong><br><a rel=\"noreferrer noopener\" href=\"http:\/\/www.boosey.com\/Borowski\" target=\"_blank\">Boosey &amp; Hawkes Berlin<\/a><br><br><strong>First performance <br><\/strong>Minguet Quartett, Stuttgart, Germany, June 17th, 2017<br><br><strong>Texts<\/strong><br>Program note, only in German<br><br>Anstelle eines Programmhefttextes:<br><br>Dans l\u2019autre pi\u00e8ce, Rateau regardait la toile, enti\u00e8rement blanche, au centre de laquelle Jonas avait seulement \u00e9crit, en tr\u00e8s petits caract\u00e8res, un mot qu\u2019on pouvait d\u00e9chiffrer, mais dont on ne savait s\u2019il fallait y lire solitaire ou solidaire.<br>Albert Camus, Jonas ou l\u2019artiste au travail<br><br>Im Zimmer nebenan betrachtete Rateau die Leinwand; sie war v\u00f6llig wei\u00df. Nur in der Mitte hatte Jonas mit ganz kleinen Buchstaben etwas geschrieben, das man wohl entziffern konnte, ohne indessen sicher zu sein, ob es hei\u00dfen sollte solitaire oder solidaire.<br>Albert Camus, Jonas oder Der K\u00fcnstler bei der Arbeit<br><br>Unschuld ist das Kind und Vergessen, ein Neubeginnen, ein Spiel, ein aus sich rollendes Rad, eine erste Bewegung, ein heiliges Ja-sagen.<br>Ja, zum Spiele des Schaffens, meine Br\u00fcder, bedarf es eines heiligen Ja-sagens: seinen Willen will nun der Geist, seine Welt gewinnt sich der Weltverlorene.<br>Friedrich Nietzsche, Also sprach Zarathustra<\/p>\n","protected":false},"excerpt":{"rendered":"<p>String Quartet No. 2 (2017)vln1.vln2.vla.vc(11 min) PublisherBoosey &amp; Hawkes Berlin First performance Minguet Quartett, Stuttgart, Germany, June 17th, 2017 TextsProgram note, only in German Anstelle eines Programmhefttextes: Dans l\u2019autre pi\u00e8ce, Rateau regardait la toile, enti\u00e8rement blanche, au centre de laquelle Jonas avait seulement \u00e9crit, en tr\u00e8s petits caract\u00e8res, un mot qu\u2019on pouvait d\u00e9chiffrer, mais dont [&hellip;]<\/p>\n","protected":false},"author":1,"featured_media":0,"parent":0,"menu_order":0,"comment_status":"closed","ping_status":"closed","template":"","meta":{"site-sidebar-layout":"default","site-content-layout":"","ast-site-content-layout":"default","site-content-style":"default","site-sidebar-style":"default","ast-global-header-display":"","ast-banner-title-visibility":"","ast-main-header-display":"","ast-hfb-above-header-display":"","ast-hfb-below-header-display":"","ast-hfb-mobile-header-display":"","site-post-title":"disabled","ast-breadcrumbs-content":"","ast-featured-img":"","footer-sml-layout":"","theme-transparent-header-meta":"","adv-header-id-meta":"","stick-header-meta":"","header-above-stick-meta":"","header-main-stick-meta":"","header-below-stick-meta":"","astra-migrate-meta-layouts":"default","ast-page-background-enabled":"default","ast-page-background-meta":{"desktop":{"background-color":"","background-image":"","background-repeat":"repeat","background-position":"center center","background-size":"auto","background-attachment":"scroll","background-type":"","background-media":"","overlay-type":"","overlay-color":"","overlay-opacity":"","overlay-gradient":""},"tablet":{"background-color":"","background-image":"","background-repeat":"repeat","background-position":"center center","background-size":"auto","background-attachment":"scroll","background-type":"","background-media":"","overlay-type":"","overlay-color":"","overlay-opacity":"","overlay-gradient":""},"mobile":{"background-color":"","background-image":"","background-repeat":"repeat","background-position":"center center","background-size":"auto","background-attachment":"scroll","background-type":"","background-media":"","overlay-type":"","overlay-color":"","overlay-opacity":"","overlay-gradient":""}},"ast-content-background-meta":{"desktop":{"background-color":"var(--ast-global-color-5)","background-image":"","background-repeat":"repeat","background-position":"center center","background-size":"auto","background-attachment":"scroll","background-type":"","background-media":"","overlay-type":"","overlay-color":"","overlay-opacity":"","overlay-gradient":""},"tablet":{"background-color":"var(--ast-global-color-5)","background-image":"","background-repeat":"repeat","background-position":"center center","background-size":"auto","background-attachment":"scroll","background-type":"","background-media":"","overlay-type":"","overlay-color":"","overlay-opacity":"","overlay-gradient":""},"mobile":{"background-color":"var(--ast-global-color-5)","background-image":"","background-repeat":"repeat","background-position":"center center","background-size":"auto","background-attachment":"scroll","background-type":"","background-media":"","overlay-type":"","overlay-color":"","overlay-opacity":"","overlay-gradient":""}}},"_links":{"self":[{"href":"https:\/\/www.johannesborisborowski.de\/en\/wp-json\/wp\/v2\/pages\/1032"}],"collection":[{"href":"https:\/\/www.johannesborisborowski.de\/en\/wp-json\/wp\/v2\/pages"}],"about":[{"href":"https:\/\/www.johannesborisborowski.de\/en\/wp-json\/wp\/v2\/types\/page"}],"author":[{"embeddable":true,"href":"https:\/\/www.johannesborisborowski.de\/en\/wp-json\/wp\/v2\/users\/1"}],"replies":[{"embeddable":true,"href":"https:\/\/www.johannesborisborowski.de\/en\/wp-json\/wp\/v2\/comments?post=1032"}],"version-history":[{"count":1,"href":"https:\/\/www.johannesborisborowski.de\/en\/wp-json\/wp\/v2\/pages\/1032\/revisions"}],"predecessor-version":[{"id":1033,"href":"https:\/\/www.johannesborisborowski.de\/en\/wp-json\/wp\/v2\/pages\/1032\/revisions\/1033"}],"wp:attachment":[{"href":"https:\/\/www.johannesborisborowski.de\/en\/wp-json\/wp\/v2\/media?parent=1032"}],"curies":[{"name":"wp","href":"https:\/\/api.w.org\/{rel}","templated":true}]}}