{"id":1028,"date":"2022-01-04T22:24:27","date_gmt":"2022-01-04T21:24:27","guid":{"rendered":"https:\/\/www.johannesborisborowski.de\/?page_id=1028"},"modified":"2022-01-04T23:19:22","modified_gmt":"2022-01-04T22:19:22","slug":"demystification","status":"publish","type":"page","link":"https:\/\/www.johannesborisborowski.de\/en\/demystification\/","title":{"rendered":"Demystification"},"content":{"rendered":"\n<p><strong>D\u00e9mystification<\/strong> for 2 percussionists (2019)<br>2perc<br>(7 min)<br><br><strong>Publisher<\/strong><br><a rel=\"noreferrer noopener\" href=\"http:\/\/www.boosey.com\/Borowski\" target=\"_blank\">Boosey &amp; Hawkes Berlin<\/a><br><br><strong>First performance <br><\/strong>DoubleBeats, Berlin, Germany, June 15th, 2019<br><br><strong>Texts<\/strong><br>Composer&#8217;s Note (2017), only in German<br>Programmhefttext:<br><br>Aber ihr meint, \u201ealle Musik m\u00fcsse aus der Wand hervorspringen und den H\u00f6rer bis in seine Ged\u00e4rme hinein sch\u00fctteln? \u2026 So erst wirke die Musik! \u2013 Auf wen wird da gewirkt? Auf Etwas, worauf ein vornehmer K\u00fcnstler niemals wirken soll, \u2013 auf die Masse! auf die Unreifen! auf die Blasierten! auf die Krankhaften! auf die Idioten! auf Wagnerianer! \u2026\u201c<br><br>D\u00e9mystification stellt sich gegen Rausch und Bet\u00e4ubung durch Kunst. Spielerisch n\u00e4hern sich die zwei Schlagzeuger den Mechanismen einer solchen wagnerisch-woll\u00fcstigen Manipulation: die heitere Distanz des Spielens steht dem dunklen, gef\u00e4hrlichen und krankhaften Rausch entgegen, der aufgekl\u00e4rte Mensch blickt fasziniert auf die Ideologie.<br><br>D\u00e9mystification ist ein Abschied.<br><br>D\u00e9mystification ist Musik, erschaffen im kranken Jahrhundert der Masse, eine Musik, die \u201eheiter und tief ist, wie ein Nachmittag im Oktober\u201c, eigen, ausgelassen und z\u00e4rtlich.<br><br>(alle Zitate aus: Friedrich Nietzsche, Nietzsche contra Wagner)<\/p>\n","protected":false},"excerpt":{"rendered":"<p>D\u00e9mystification for 2 percussionists (2019)2perc(7 min) PublisherBoosey &amp; Hawkes Berlin First performance DoubleBeats, Berlin, Germany, June 15th, 2019 TextsComposer&#8217;s Note (2017), only in GermanProgrammhefttext: Aber ihr meint, \u201ealle Musik m\u00fcsse aus der Wand hervorspringen und den H\u00f6rer bis in seine Ged\u00e4rme hinein sch\u00fctteln? \u2026 So erst wirke die Musik! \u2013 Auf wen wird da gewirkt? [&hellip;]<\/p>\n","protected":false},"author":1,"featured_media":0,"parent":0,"menu_order":0,"comment_status":"closed","ping_status":"closed","template":"","meta":{"site-sidebar-layout":"default","site-content-layout":"","ast-site-content-layout":"default","site-content-style":"default","site-sidebar-style":"default","ast-global-header-display":"","ast-banner-title-visibility":"","ast-main-header-display":"","ast-hfb-above-header-display":"","ast-hfb-below-header-display":"","ast-hfb-mobile-header-display":"","site-post-title":"disabled","ast-breadcrumbs-content":"","ast-featured-img":"","footer-sml-layout":"","theme-transparent-header-meta":"","adv-header-id-meta":"","stick-header-meta":"","header-above-stick-meta":"","header-main-stick-meta":"","header-below-stick-meta":"","astra-migrate-meta-layouts":"default","ast-page-background-enabled":"default","ast-page-background-meta":{"desktop":{"background-color":"","background-image":"","background-repeat":"repeat","background-position":"center center","background-size":"auto","background-attachment":"scroll","background-type":"","background-media":"","overlay-type":"","overlay-color":"","overlay-opacity":"","overlay-gradient":""},"tablet":{"background-color":"","background-image":"","background-repeat":"repeat","background-position":"center center","background-size":"auto","background-attachment":"scroll","background-type":"","background-media":"","overlay-type":"","overlay-color":"","overlay-opacity":"","overlay-gradient":""},"mobile":{"background-color":"","background-image":"","background-repeat":"repeat","background-position":"center center","background-size":"auto","background-attachment":"scroll","background-type":"","background-media":"","overlay-type":"","overlay-color":"","overlay-opacity":"","overlay-gradient":""}},"ast-content-background-meta":{"desktop":{"background-color":"var(--ast-global-color-5)","background-image":"","background-repeat":"repeat","background-position":"center center","background-size":"auto","background-attachment":"scroll","background-type":"","background-media":"","overlay-type":"","overlay-color":"","overlay-opacity":"","overlay-gradient":""},"tablet":{"background-color":"var(--ast-global-color-5)","background-image":"","background-repeat":"repeat","background-position":"center center","background-size":"auto","background-attachment":"scroll","background-type":"","background-media":"","overlay-type":"","overlay-color":"","overlay-opacity":"","overlay-gradient":""},"mobile":{"background-color":"var(--ast-global-color-5)","background-image":"","background-repeat":"repeat","background-position":"center center","background-size":"auto","background-attachment":"scroll","background-type":"","background-media":"","overlay-type":"","overlay-color":"","overlay-opacity":"","overlay-gradient":""}}},"_links":{"self":[{"href":"https:\/\/www.johannesborisborowski.de\/en\/wp-json\/wp\/v2\/pages\/1028"}],"collection":[{"href":"https:\/\/www.johannesborisborowski.de\/en\/wp-json\/wp\/v2\/pages"}],"about":[{"href":"https:\/\/www.johannesborisborowski.de\/en\/wp-json\/wp\/v2\/types\/page"}],"author":[{"embeddable":true,"href":"https:\/\/www.johannesborisborowski.de\/en\/wp-json\/wp\/v2\/users\/1"}],"replies":[{"embeddable":true,"href":"https:\/\/www.johannesborisborowski.de\/en\/wp-json\/wp\/v2\/comments?post=1028"}],"version-history":[{"count":2,"href":"https:\/\/www.johannesborisborowski.de\/en\/wp-json\/wp\/v2\/pages\/1028\/revisions"}],"predecessor-version":[{"id":1088,"href":"https:\/\/www.johannesborisborowski.de\/en\/wp-json\/wp\/v2\/pages\/1028\/revisions\/1088"}],"wp:attachment":[{"href":"https:\/\/www.johannesborisborowski.de\/en\/wp-json\/wp\/v2\/media?parent=1028"}],"curies":[{"name":"wp","href":"https:\/\/api.w.org\/{rel}","templated":true}]}}