{"id":1026,"date":"2022-01-04T22:21:12","date_gmt":"2022-01-04T21:21:12","guid":{"rendered":"https:\/\/www.johannesborisborowski.de\/?page_id=1026"},"modified":"2022-01-04T22:21:12","modified_gmt":"2022-01-04T21:21:12","slug":"disparue","status":"publish","type":"page","link":"https:\/\/www.johannesborisborowski.de\/en\/disparue\/","title":{"rendered":"Disparue"},"content":{"rendered":"\n<p><strong>Disparue<\/strong> for 6 players (2019)<br>fl(bfl).cl(bcl).pno.vln.vla.cl<br>(10 min)<br><br><strong>Publisher<\/strong><br><a rel=\"noreferrer noopener\" href=\"http:\/\/www.boosey.com\/Borowski\" target=\"_blank\">Boosey &amp; Hawkes Berlin<\/a><br><br><strong>First performance <br><\/strong>modern art ensemble, Berlin, Germany, November 22nd, 2019<br><br><strong>Texts<\/strong><br>Composer&#8217;s Note (11\/2019), only in German<br>Gedanken zu &#8220;Disparue&#8221;, September 2019<br><br>Albertine verschwindet \u2013 Albertine stirbt.<br>Juli 2019: Eine junge Frau f\u00e4llt in den Rhein (l\u00e4sst sich fallen?) und ertrinkt.<br>Juni-August 2019: Ich komponiere ein Sextett.<br>Im Juni notiere ich dazu: Trauermarsch. Vulgarit\u00e4t und Charme, Stillstand und Prozess, Bewegung aus dem Innehalten heraus, Warten als \u00e4sthetische Erfahrung.<br>Marcel erinnert sich beim H\u00f6ren von Vinteuils unver\u00f6ffentlichem Sextett (Septett) an Albertine.<br>Meine Gedanken gehen zur\u00fcck an den Rhein, zu der ertrinkenden jungen Frau. Nur einen kurzen Augenblick \u2026 ein wei\u00dfes, maskenhaftes Gesicht.<br><br>Es gab keinen Schrei, nicht beim Fallen, nicht beim Verschwinden.<\/p>\n","protected":false},"excerpt":{"rendered":"<p>Disparue for 6 players (2019)fl(bfl).cl(bcl).pno.vln.vla.cl(10 min) PublisherBoosey &amp; Hawkes Berlin First performance modern art ensemble, Berlin, Germany, November 22nd, 2019 TextsComposer&#8217;s Note (11\/2019), only in GermanGedanken zu &#8220;Disparue&#8221;, September 2019 Albertine verschwindet \u2013 Albertine stirbt.Juli 2019: Eine junge Frau f\u00e4llt in den Rhein (l\u00e4sst sich fallen?) und ertrinkt.Juni-August 2019: Ich komponiere ein Sextett.Im Juni notiere [&hellip;]<\/p>\n","protected":false},"author":1,"featured_media":0,"parent":0,"menu_order":0,"comment_status":"closed","ping_status":"closed","template":"","meta":{"site-sidebar-layout":"default","site-content-layout":"","ast-site-content-layout":"default","site-content-style":"default","site-sidebar-style":"default","ast-global-header-display":"","ast-banner-title-visibility":"","ast-main-header-display":"","ast-hfb-above-header-display":"","ast-hfb-below-header-display":"","ast-hfb-mobile-header-display":"","site-post-title":"disabled","ast-breadcrumbs-content":"","ast-featured-img":"","footer-sml-layout":"","theme-transparent-header-meta":"","adv-header-id-meta":"","stick-header-meta":"","header-above-stick-meta":"","header-main-stick-meta":"","header-below-stick-meta":"","astra-migrate-meta-layouts":"default","ast-page-background-enabled":"default","ast-page-background-meta":{"desktop":{"background-color":"","background-image":"","background-repeat":"repeat","background-position":"center center","background-size":"auto","background-attachment":"scroll","background-type":"","background-media":"","overlay-type":"","overlay-color":"","overlay-opacity":"","overlay-gradient":""},"tablet":{"background-color":"","background-image":"","background-repeat":"repeat","background-position":"center center","background-size":"auto","background-attachment":"scroll","background-type":"","background-media":"","overlay-type":"","overlay-color":"","overlay-opacity":"","overlay-gradient":""},"mobile":{"background-color":"","background-image":"","background-repeat":"repeat","background-position":"center center","background-size":"auto","background-attachment":"scroll","background-type":"","background-media":"","overlay-type":"","overlay-color":"","overlay-opacity":"","overlay-gradient":""}},"ast-content-background-meta":{"desktop":{"background-color":"var(--ast-global-color-5)","background-image":"","background-repeat":"repeat","background-position":"center center","background-size":"auto","background-attachment":"scroll","background-type":"","background-media":"","overlay-type":"","overlay-color":"","overlay-opacity":"","overlay-gradient":""},"tablet":{"background-color":"var(--ast-global-color-5)","background-image":"","background-repeat":"repeat","background-position":"center center","background-size":"auto","background-attachment":"scroll","background-type":"","background-media":"","overlay-type":"","overlay-color":"","overlay-opacity":"","overlay-gradient":""},"mobile":{"background-color":"var(--ast-global-color-5)","background-image":"","background-repeat":"repeat","background-position":"center center","background-size":"auto","background-attachment":"scroll","background-type":"","background-media":"","overlay-type":"","overlay-color":"","overlay-opacity":"","overlay-gradient":""}}},"_links":{"self":[{"href":"https:\/\/www.johannesborisborowski.de\/en\/wp-json\/wp\/v2\/pages\/1026"}],"collection":[{"href":"https:\/\/www.johannesborisborowski.de\/en\/wp-json\/wp\/v2\/pages"}],"about":[{"href":"https:\/\/www.johannesborisborowski.de\/en\/wp-json\/wp\/v2\/types\/page"}],"author":[{"embeddable":true,"href":"https:\/\/www.johannesborisborowski.de\/en\/wp-json\/wp\/v2\/users\/1"}],"replies":[{"embeddable":true,"href":"https:\/\/www.johannesborisborowski.de\/en\/wp-json\/wp\/v2\/comments?post=1026"}],"version-history":[{"count":1,"href":"https:\/\/www.johannesborisborowski.de\/en\/wp-json\/wp\/v2\/pages\/1026\/revisions"}],"predecessor-version":[{"id":1027,"href":"https:\/\/www.johannesborisborowski.de\/en\/wp-json\/wp\/v2\/pages\/1026\/revisions\/1027"}],"wp:attachment":[{"href":"https:\/\/www.johannesborisborowski.de\/en\/wp-json\/wp\/v2\/media?parent=1026"}],"curies":[{"name":"wp","href":"https:\/\/api.w.org\/{rel}","templated":true}]}}