{"id":1005,"date":"2022-01-04T20:48:11","date_gmt":"2022-01-04T19:48:11","guid":{"rendered":"https:\/\/www.johannesborisborowski.de\/?page_id=1005"},"modified":"2022-01-04T20:48:11","modified_gmt":"2022-01-04T19:48:11","slug":"allein","status":"publish","type":"page","link":"https:\/\/www.johannesborisborowski.de\/en\/allein\/","title":{"rendered":"Allein"},"content":{"rendered":"\n<p><strong>Allein<\/strong> for ensemble (2018\/19)<br>2.2.2.2-2.1.1.euphonium-2perc-2.2.2.1<br>(17 min)<br><br><strong>Publisher<\/strong><br><a rel=\"noreferrer noopener\" href=\"http:\/\/www.boosey.com\/Borowski\" target=\"_blank\">Boosey &amp; Hawkes Berlin<\/a><br><br><strong>First performance <br><\/strong>Ensemble Intercontemporain, Matthias Pintscher, Donaueschingen, Germany, October 20th, 2019<br><br><strong>Texts<\/strong><br>Composer&#8217;s Note (2019), only in German\u00a0<br>Gedanken zu &#8220;Allein&#8221;, August 2019<br><br>Eine Idee braucht eine Voraussetzung, sie entsteht in einem Kontext. Eine Idee ist nicht konkret, sie ist der Beginn eines Weges. Eine Idee ist die Sehnsucht nach dem Unbekannten, sie l\u00e4sst uns das Bekannte fremd werden. Eine Idee bedeckt den nackten K\u00f6rper mit Kleidung.<br><br>Wenn ich schreibe\/komponiere, nehme ich mir das Recht, mich in es hineinzudenken.<br><br>Schreibe ich als Schriftsteller \u00fcber die Fortpflanzung von Libellen, bin ich es, der Schriftsteller ist es, der seinen prim\u00e4ren Kopulationsapparat zur Bauchunterseite f\u00fchrt und den sekund\u00e4ren Kopulationsapparat mit Samen bef\u00fcllt. Ich bin es, der Schriftsteller ist es, der als Libellenweibchen vom M\u00e4nnchen festgekrallt wird und starr den Auff\u00fcllvorgang ausharrt.<br><br>Als Schriftsteller\/Komponist bin ich Narzisst.<br><br>Die Welt ist meine Welt.<br><br>Die Freude des Komponisten beim Komponieren ist eine andere als die des Musikers beim Musik machen.<br><br>Ich kann sagen:<br>Mein Leben ist langweilig. Ohne Relevanz.<br><br>Komponieren beginnt mit:<br>Aufr\u00e4umen, Ordnen, Putzen.<br>Im Verlauf: Befreiung von all dem, was ich zu entwickeln erhoffte.<br>Und ganz weit hinten am Horizont der Weg und eine Art von Ziel, als Gef\u00fchl, nicht als Ort.<br><br>Komponieren aus Unzufriedenheit. Mit mir selbst. Mit meiner Musik. Mit mir in der Welt. Mit der Welt.<br><br>Meine ganz eigene Sprache finden: Bl\u00f6dsinn.<\/p>\n","protected":false},"excerpt":{"rendered":"<p>Allein for ensemble (2018\/19)2.2.2.2-2.1.1.euphonium-2perc-2.2.2.1(17 min) PublisherBoosey &amp; Hawkes Berlin First performance Ensemble Intercontemporain, Matthias Pintscher, Donaueschingen, Germany, October 20th, 2019 TextsComposer&#8217;s Note (2019), only in German\u00a0Gedanken zu &#8220;Allein&#8221;, August 2019 Eine Idee braucht eine Voraussetzung, sie entsteht in einem Kontext. Eine Idee ist nicht konkret, sie ist der Beginn eines Weges. Eine Idee ist die [&hellip;]<\/p>\n","protected":false},"author":1,"featured_media":0,"parent":0,"menu_order":0,"comment_status":"closed","ping_status":"closed","template":"","meta":{"site-sidebar-layout":"default","site-content-layout":"","ast-site-content-layout":"default","site-content-style":"default","site-sidebar-style":"default","ast-global-header-display":"","ast-banner-title-visibility":"","ast-main-header-display":"","ast-hfb-above-header-display":"","ast-hfb-below-header-display":"","ast-hfb-mobile-header-display":"","site-post-title":"disabled","ast-breadcrumbs-content":"","ast-featured-img":"","footer-sml-layout":"","theme-transparent-header-meta":"","adv-header-id-meta":"","stick-header-meta":"","header-above-stick-meta":"","header-main-stick-meta":"","header-below-stick-meta":"","astra-migrate-meta-layouts":"default","ast-page-background-enabled":"default","ast-page-background-meta":{"desktop":{"background-color":"","background-image":"","background-repeat":"repeat","background-position":"center center","background-size":"auto","background-attachment":"scroll","background-type":"","background-media":"","overlay-type":"","overlay-color":"","overlay-opacity":"","overlay-gradient":""},"tablet":{"background-color":"","background-image":"","background-repeat":"repeat","background-position":"center center","background-size":"auto","background-attachment":"scroll","background-type":"","background-media":"","overlay-type":"","overlay-color":"","overlay-opacity":"","overlay-gradient":""},"mobile":{"background-color":"","background-image":"","background-repeat":"repeat","background-position":"center center","background-size":"auto","background-attachment":"scroll","background-type":"","background-media":"","overlay-type":"","overlay-color":"","overlay-opacity":"","overlay-gradient":""}},"ast-content-background-meta":{"desktop":{"background-color":"var(--ast-global-color-5)","background-image":"","background-repeat":"repeat","background-position":"center center","background-size":"auto","background-attachment":"scroll","background-type":"","background-media":"","overlay-type":"","overlay-color":"","overlay-opacity":"","overlay-gradient":""},"tablet":{"background-color":"var(--ast-global-color-5)","background-image":"","background-repeat":"repeat","background-position":"center center","background-size":"auto","background-attachment":"scroll","background-type":"","background-media":"","overlay-type":"","overlay-color":"","overlay-opacity":"","overlay-gradient":""},"mobile":{"background-color":"var(--ast-global-color-5)","background-image":"","background-repeat":"repeat","background-position":"center center","background-size":"auto","background-attachment":"scroll","background-type":"","background-media":"","overlay-type":"","overlay-color":"","overlay-opacity":"","overlay-gradient":""}}},"_links":{"self":[{"href":"https:\/\/www.johannesborisborowski.de\/en\/wp-json\/wp\/v2\/pages\/1005"}],"collection":[{"href":"https:\/\/www.johannesborisborowski.de\/en\/wp-json\/wp\/v2\/pages"}],"about":[{"href":"https:\/\/www.johannesborisborowski.de\/en\/wp-json\/wp\/v2\/types\/page"}],"author":[{"embeddable":true,"href":"https:\/\/www.johannesborisborowski.de\/en\/wp-json\/wp\/v2\/users\/1"}],"replies":[{"embeddable":true,"href":"https:\/\/www.johannesborisborowski.de\/en\/wp-json\/wp\/v2\/comments?post=1005"}],"version-history":[{"count":1,"href":"https:\/\/www.johannesborisborowski.de\/en\/wp-json\/wp\/v2\/pages\/1005\/revisions"}],"predecessor-version":[{"id":1006,"href":"https:\/\/www.johannesborisborowski.de\/en\/wp-json\/wp\/v2\/pages\/1005\/revisions\/1006"}],"wp:attachment":[{"href":"https:\/\/www.johannesborisborowski.de\/en\/wp-json\/wp\/v2\/media?parent=1005"}],"curies":[{"name":"wp","href":"https:\/\/api.w.org\/{rel}","templated":true}]}}